{"id":30,"date":"2023-07-17T07:41:44","date_gmt":"2023-07-17T07:41:44","guid":{"rendered":"https:\/\/osstravel.org\/?page_id=30"},"modified":"2023-07-17T07:41:44","modified_gmt":"2023-07-17T07:41:44","slug":"impressum","status":"publish","type":"page","link":"https:\/\/osstravel.org\/index.php\/impressum\/","title":{"rendered":"Impressum"},"content":{"rendered":"<p>Angaben gem\u00e4\u00df \u00a7 5 TMG<\/p>\n<p><strong><u>Anschrift und Kontakt:<\/u><br \/>\nOSS &#8211; Travel GmbH<br \/>\n<\/strong>Werderstra\u00dfe 75<br \/>\n73614\u00a0 Schorndorf<br \/>\nTelefon: +49 (0) 7181 9221-40<br \/>\nTelefax: +49 (0) 7181 9221-41<br \/>\nE-Mail: office@osstravel.org<br \/>\n<u><strong>Vertreten durch die Gesch\u00e4ftsf\u00fchrer:<\/strong><\/u><br \/>\nMartin Landmesser\u00a0\u00a0 <a href=\"mailto:ml@osstravel.org\">ml@osstravel.org<\/a><br \/>\nStefano Fehr\u00a0\u00a0\u00a0\u00a0\u00a0\u00a0\u00a0\u00a0\u00a0\u00a0\u00a0\u00a0\u00a0 <a href=\"mailto:sf@osstravel.org\">sf@osstravel.org<\/a><br \/>\nVolker-P. Helms\u00a0\u00a0\u00a0\u00a0\u00a0\u00a0\u00a0 <a href=\"mailto:vh@osstravel.org\">vh@osstravel.org<\/a><\/p>\n<p><u><strong>Registereintragung:<\/strong><\/u><br \/>\nGesellschaft mit beschr\u00e4nkter Haftung mit Sitz in Schorndorf<br \/>\nAmtsgericht Stuttgart, Handelsregister B 737167<\/p>\n<p><u><strong>Umsatzsteuer-IdNr:<\/strong><\/u><br \/>\nUmsatzsteuer-Identifikationsnummer gem\u00e4\u00df \u00a727 a Umsatzsteuergesetz: DE 276655490<\/p>\n<p><u><strong>Streitschlichtung:<\/strong><\/u><br \/>\nDie Europ\u00e4ische Kommission stellt eine Plattform zur Online-Streitbeilegung (OS) bereit:<br \/>\n<a href=\"https:\/\/ec.europa.eu\/consumers\/odr\">https:\/\/ec.europa.eu\/consumers\/odr\/<\/a><\/p>\n<p>Unsere E-Mail Adresse finden Sie oben im Impressum.<\/p>\n<p>Wir sind nicht bereit oder verpflichtet, an Streitbeteiligungsverfahren vor einer Verbraucherschlichtungsstelle teilzunehmen.<\/p>\n<p><u><strong>Haftung f\u00fcr Inhalte:<\/strong><\/u><br \/>\nAls Dienstanbieter sind wir gem\u00e4\u00df \u00a7 7 Abs.1 TMG f\u00fcr eigene Inhalte auf diesen Seiten nach den allgemeinen Gesetzen verantwortlich. Nach \u00a7\u00a7 8 bis 10 TMG sind wir als Dienstanbieter jedoch nicht verpflichtet, \u00fcbermittelte oder gespeicherte fremde Informationen zu \u00fcberwachen oder nach Umst\u00e4nden zu forschen, die auf eine rechtswidrige T\u00e4tigkeit hinweisen. Verpflichtungen zur Entfernung oder Sperrung der Nutzung von Informationen nach den allgemeinen Gesetzen bleiben hiervon unber\u00fchrt. Eine diesbez\u00fcgliche Haftung ist jedoch erst ab dem Zeitpunkt der Kenntnis einer konkreten Rechtsverletzung m\u00f6glich. Bei Bekanntwerden von entsprechenden Rechtsverletzungen werden wir diese Inhalte umgehend entfernen.<\/p>\n<p><u><strong>Haftung f\u00fcr Links:<\/strong><\/u><br \/>\nUnser Angebot enth\u00e4lt Links zu externen Websites Dritter, auf deren Inhalte wir keinen Einfluss haben. Deshalb k\u00f6nnen wir f\u00fcr diese fremden Inhalte auch keine Gew\u00e4hr \u00fcbernehmen. F\u00fcr die Inhalte der verlinkten Seiten ist stets der jeweilige Anbieter oder Betreiber der Seiten verantwortlich. Die verlinkten Seiten wurden zum Zeitpunkt der Verlinkung auf m\u00f6gliche Rechtsverst\u00f6\u00dfe \u00fcberpr\u00fcft. Rechtswidrige Inhalte waren zum Zeitpunkt der Verlinkung nicht erkennbar. Eine permanente inhaltliche Kontrolle der verlinkten Seiten ist jedoch ohne konkrete Anhaltspunkte einer Rechtsverletzung nicht zumutbar. Bei Bekanntwerden von Rechtsverletzungen werden wir derartige Links umgehend entfernen.<\/p>\n<p><u><strong>Urheberrecht:<\/strong><\/u><br \/>\nDie durch die Seitenbetreiber erstellten Inhalte und Werke auf diesen Seiten unterliegen dem deutschen Urheberrecht. Die Vervielf\u00e4ltigung, Bearbeitung, Verbreitung und jede Art der Verwertung au\u00dferhalb der Grenzen des Urheberrechtes bed\u00fcrfen der schriftlichen Zustimmung des jeweiligen Autors bzw. Erstellers. Downloads und Kopien dieser Seite sind nur f\u00fcr den privaten, nicht kommerziellen Gebrauch gestattet. Soweit die Inhalte auf dieser Seite nicht vom Betreiber erstellt wurden, werden die Urheberrechte Dritter beachtet. Insbesondere werden Inhalte Dritter als solche gekennzeichnet. Sollten Sie trotzdem auf eine Urheberrechtsverletzung aufmerksam werden, bitten wir um einen entsprechenden Hinweis. Bei Bekanntwerden von Rechtsverletzungen werden wir derartige Inhalte umgehend entfernen.<\/p>\n","protected":false},"excerpt":{"rendered":"<p>Angaben gem\u00e4\u00df \u00a7 5 TMG Anschrift und Kontakt: OSS &#8211; Travel GmbH Werderstra\u00dfe 75 73614\u00a0 Schorndorf Telefon: +49 (0) 7181 9221-40 Telefax: +49 (0) 7181 9221-41 E-Mail: office@osstravel.org Vertreten durch die Gesch\u00e4ftsf\u00fchrer: Martin Landmesser\u00a0\u00a0 ml@osstravel.org Stefano Fehr\u00a0\u00a0\u00a0\u00a0\u00a0\u00a0\u00a0\u00a0\u00a0\u00a0\u00a0\u00a0\u00a0 sf@osstravel.org Volker-P. Helms\u00a0\u00a0\u00a0\u00a0\u00a0\u00a0\u00a0 vh@osstravel.org Registereintragung: Gesellschaft mit beschr\u00e4nkter Haftung mit Sitz in Schorndorf Amtsgericht Stuttgart, Handelsregister B 737167 &hellip; <\/p>\n<p class=\"link-more\"><a href=\"https:\/\/osstravel.org\/index.php\/impressum\/\" class=\"more-link\">Mehr <span class=\"screen-reader-text\">\u00fcber &#8222;Impressum&#8220; <\/span>Lesen<\/a><\/p>\n","protected":false},"author":1,"featured_media":0,"parent":0,"menu_order":0,"comment_status":"closed","ping_status":"closed","template":"","meta":{"inspiro_hide_title":false,"footnotes":""},"class_list":["post-30","page","type-page","status-publish","hentry"],"_links":{"self":[{"href":"https:\/\/osstravel.org\/index.php\/wp-json\/wp\/v2\/pages\/30","targetHints":{"allow":["GET"]}}],"collection":[{"href":"https:\/\/osstravel.org\/index.php\/wp-json\/wp\/v2\/pages"}],"about":[{"href":"https:\/\/osstravel.org\/index.php\/wp-json\/wp\/v2\/types\/page"}],"author":[{"embeddable":true,"href":"https:\/\/osstravel.org\/index.php\/wp-json\/wp\/v2\/users\/1"}],"replies":[{"embeddable":true,"href":"https:\/\/osstravel.org\/index.php\/wp-json\/wp\/v2\/comments?post=30"}],"version-history":[{"count":1,"href":"https:\/\/osstravel.org\/index.php\/wp-json\/wp\/v2\/pages\/30\/revisions"}],"predecessor-version":[{"id":31,"href":"https:\/\/osstravel.org\/index.php\/wp-json\/wp\/v2\/pages\/30\/revisions\/31"}],"wp:attachment":[{"href":"https:\/\/osstravel.org\/index.php\/wp-json\/wp\/v2\/media?parent=30"}],"curies":[{"name":"wp","href":"https:\/\/api.w.org\/{rel}","templated":true}]}}